{"id":41,"date":"2020-07-26T13:58:05","date_gmt":"2020-07-26T11:58:05","guid":{"rendered":"http:\/\/tempoindigo.ch\/?page_id=41"},"modified":"2026-01-05T21:15:42","modified_gmt":"2026-01-05T20:15:42","slug":"a-propos","status":"publish","type":"page","link":"https:\/\/tempoindigo.ch\/?page_id=41","title":{"rendered":"A propos"},"content":{"rendered":"\n<figure class=\"wp-block-image is-resized\"><img loading=\"lazy\" decoding=\"async\" width=\"1024\" height=\"407\" src=\"https:\/\/tempoindigo.ch\/wp-content\/uploads\/2020\/08\/b.-logo-sans-fond-1024x407.png\" alt=\"\" class=\"wp-image-165\" style=\"width:833px;height:auto\" srcset=\"https:\/\/tempoindigo.ch\/wp-content\/uploads\/2020\/08\/b.-logo-sans-fond-1024x407.png 1024w, https:\/\/tempoindigo.ch\/wp-content\/uploads\/2020\/08\/b.-logo-sans-fond-300x119.png 300w, https:\/\/tempoindigo.ch\/wp-content\/uploads\/2020\/08\/b.-logo-sans-fond-768x305.png 768w, https:\/\/tempoindigo.ch\/wp-content\/uploads\/2020\/08\/b.-logo-sans-fond-1200x477.png 1200w, https:\/\/tempoindigo.ch\/wp-content\/uploads\/2020\/08\/b.-logo-sans-fond-1980x786.png 1980w\" sizes=\"auto, (max-width: 1024px) 100vw, 1024px\" \/><\/figure>\n\n\n\n<div class=\"wp-block-media-text alignwide is-stacked-on-mobile a-propos-img\" style=\"grid-template-columns:17% auto\"><figure class=\"wp-block-media-text__media\"><img loading=\"lazy\" decoding=\"async\" width=\"400\" height=\"560\" src=\"https:\/\/tempoindigo.ch\/wp-content\/uploads\/2020\/07\/photo-\u00e0-propos-de-moi-petit.jpg\" alt=\"\" class=\"wp-image-62 size-full\" srcset=\"https:\/\/tempoindigo.ch\/wp-content\/uploads\/2020\/07\/photo-\u00e0-propos-de-moi-petit.jpg 400w, https:\/\/tempoindigo.ch\/wp-content\/uploads\/2020\/07\/photo-\u00e0-propos-de-moi-petit-214x300.jpg 214w\" sizes=\"auto, (max-width: 400px) 100vw, 400px\" \/><\/figure><div class=\"wp-block-media-text__content\">\n<p class=\"logo-color helvetica-16 justified-text has-large-font-size\"><strong>Mon\nparcours, jusqu\u2019ici\u2026<\/strong><\/p>\n\n\n\n<p class=\"logo-color helvetica-16 justified-text\">Le\nmouvement, sous toutes ses formes, rythme ma vie. Il m\u2019est essentiel. Et mes\npas me poussent toujours \u00e0 la rencontre&nbsp;: celle du vivant, celle de\nl\u2019autre, celle de moi-m\u00eame.<\/p>\n\n\n\n<p class=\"logo-color helvetica-16 justified-text\">J\u2019ai\ngrandi avec la danse. Plus de onze ann\u00e9es de cours de danse acad\u00e9mique, de spectacles\net de stages avec des professeurs internationaux. J\u2019apprends la conscience du\ncorps, la rigueur, le d\u00e9passement de soi. Puis, la vie m\u2019am\u00e8ne \u00e0 bouger d\u2019une\nautre mani\u00e8re. Par le voyage.&nbsp; Je pars \u00e0\nla d\u00e9couverte des traditions de l\u2019Inde et de l\u2019Asie et je me d\u00e9couvre l\u2019\u00e2me\nvoyageuse. Pendant des ann\u00e9es, par intermittence, je bourlingue. Ma vie se\nd\u00e9roule au gr\u00e9 des rencontres, de la richesse des traditions anciennes, de la\nbeaut\u00e9 et de la r\u00e9alit\u00e9 du monde. En parall\u00e8le, je m\u00e8ne un parcours professionnel\ndiversifi\u00e9. Le tout m\u2019enseigne le courage, la d\u00e9termination, l\u2019ouverture au\nmonde et je me passionne toujours plus pour l\u2019\u00eatre humain. Je continue ma\nqu\u00eate, celle de me conna\u00eetre mieux et de vivre au plus proche de mes\naspirations. La pratique du yoga, du Qi Gong et de la danse m\u2019y aident\ngrandement. Mais quelque chose me manque encore\u2026 quelque chose de moins\ncodifi\u00e9, de plus libre.&nbsp; Et c\u2019est la Danse\nde l\u2019\u00catre qui va, avec mes voyages, un enseignement en Roue M\u00e9decine et\ncertaines rencontres magnifiques, bouleverser ma vie. Gr\u00e2ce \u00e0 la\ndanse-th\u00e9rapie, je d\u00e9couvre un outil qui m\u2019am\u00e8ne au plus proche de mon \u00eatre,\nqui me confronte \u00e0 mes r\u00e9sistances, me permet d\u2019explorer mes croyances,\nm\u2019apprend \u00e0 m\u2019accueillir telle que je suis et m\u2019apporte une grande joie de\nvivre&nbsp;! Aujourd\u2019hui, je continue mon chemin, je suis la vague, je suis\nl\u2019\u00e9nergie de vie.<\/p>\n\n\n\n<p class=\"logo-color helvetica-16 justified-text\">Mon intention ? Vous accompagner dans la joie, l\u2019amour et la paix.<\/p>\n<\/div><\/div>\n\n\n<div class=\"wp-block-image\">\n<figure class=\"aligncenter is-resized\"><img loading=\"lazy\" decoding=\"async\" width=\"548\" height=\"310\" src=\"https:\/\/tempoindigo.ch\/wp-content\/uploads\/2020\/08\/DANSE-DE-LETRE-Horizontal.jpg\" alt=\"\" class=\"wp-image-227\" style=\"width:137px;height:78px\" srcset=\"https:\/\/tempoindigo.ch\/wp-content\/uploads\/2020\/08\/DANSE-DE-LETRE-Horizontal.jpg 548w, https:\/\/tempoindigo.ch\/wp-content\/uploads\/2020\/08\/DANSE-DE-LETRE-Horizontal-300x170.jpg 300w\" sizes=\"auto, (max-width: 548px) 100vw, 548px\" \/><\/figure>\n<\/div>\n\n\n<p><strong>Certifications et formations<\/strong><\/p>\n\n\n\n<ul class=\"wp-block-list\">\n<li>CAS en m\u00e9diation expressive par le mouvement et la danse &#8211; L&#8217;Atelier institut de recherche et de formation en art-th\u00e9rapie &#8211; Suisse &#8211; <strong>en cours<\/strong><\/li>\n\n\n\n<li>SOMA Embodiment\u00ae &#8211; Centre de formation en Polarit\u00e9 &#8211; Suisse &#8211; <strong>en cours<\/strong><\/li>\n\n\n\n<li>Formation continue Danse-th\u00e9rapie &#8211; Beno\u00eet Lesage &#8211; Irpecor &#8211; France<\/li>\n\n\n\n<li>Somatic Experiencing\u00ae &#8211; Centre de formation en Polarit\u00e9 &#8211; Suisse<\/li>\n\n\n\n<li>La Danse de l&#8217;\u00catre\u00ae &#8211; Fabienne Courmont &#8211; France<\/li>\n\n\n\n<li>E-Move\u00ae &#8211; Eveil de l&#8217;enfant par le mouvement &#8211; Fabienne Courmont &#8211; France<\/li>\n\n\n\n<li>Formation continue Psycho traumatologie centr\u00e9e comp\u00e9tences &#8211; H\u00e9l\u00e8ne Delluci &#8211; France<\/li>\n\n\n\n<li>Formation continue Le journal cr\u00e9atif au service de la psycho traumatologie centr\u00e9e comp\u00e9tences &#8211; H\u00e9l\u00e8ne Delluci &#8211; France<\/li>\n\n\n\n<li>Th\u00e9rapie par la danse et l&#8217;art-th\u00e9rapie &#8211; 1 an au Berner Tanz und Kunsttherapie Zentrum &#8211; Suisse<\/li>\n\n\n\n<li>Formation continue Psychiatrie de base &#8211; Fondation Domus &#8211; Suisse<\/li>\n\n\n\n<li>Formation continue Faire face au risque suicidaire &#8211; Unil EPFL &#8211; Suisse<\/li>\n\n\n\n<li>Formation continue Adolescence et consommation de substances &#8211; Unil EPFL &#8211; Suisse<\/li>\n<\/ul>\n\n\n\n<p><\/p>\n\n\n\n<p>Je suis r\u00e9guli\u00e8rement en formation continue et supervis\u00e9e en Somatic Experiencing\u00ae, SOMA Embodiment\u00ae et en m\u00e9diation expressive mouvement et danse.<\/p>\n","protected":false},"excerpt":{"rendered":"<p>Mon parcours, jusqu\u2019ici\u2026 Le mouvement, sous toutes ses formes, rythme ma vie. Il m\u2019est essentiel. Et mes pas me poussent toujours \u00e0 la rencontre&nbsp;: celle du vivant, celle de l\u2019autre, celle de moi-m\u00eame. J\u2019ai grandi avec la danse. Plus de onze ann\u00e9es de cours de danse acad\u00e9mique, de spectacles et de stages avec des professeurs [&hellip;]<\/p>\n","protected":false},"author":2,"featured_media":0,"parent":0,"menu_order":0,"comment_status":"closed","ping_status":"closed","template":"","meta":{"footnotes":""},"class_list":["post-41","page","type-page","status-publish","hentry"],"_links":{"self":[{"href":"https:\/\/tempoindigo.ch\/index.php?rest_route=\/wp\/v2\/pages\/41","targetHints":{"allow":["GET"]}}],"collection":[{"href":"https:\/\/tempoindigo.ch\/index.php?rest_route=\/wp\/v2\/pages"}],"about":[{"href":"https:\/\/tempoindigo.ch\/index.php?rest_route=\/wp\/v2\/types\/page"}],"author":[{"embeddable":true,"href":"https:\/\/tempoindigo.ch\/index.php?rest_route=\/wp\/v2\/users\/2"}],"replies":[{"embeddable":true,"href":"https:\/\/tempoindigo.ch\/index.php?rest_route=%2Fwp%2Fv2%2Fcomments&post=41"}],"version-history":[{"count":31,"href":"https:\/\/tempoindigo.ch\/index.php?rest_route=\/wp\/v2\/pages\/41\/revisions"}],"predecessor-version":[{"id":378,"href":"https:\/\/tempoindigo.ch\/index.php?rest_route=\/wp\/v2\/pages\/41\/revisions\/378"}],"wp:attachment":[{"href":"https:\/\/tempoindigo.ch\/index.php?rest_route=%2Fwp%2Fv2%2Fmedia&parent=41"}],"curies":[{"name":"wp","href":"https:\/\/api.w.org\/{rel}","templated":true}]}}