{"id":2,"date":"2020-07-01T21:41:16","date_gmt":"2020-07-01T19:41:16","guid":{"rendered":"http:\/\/tempoindigo.ch\/?page_id=2"},"modified":"2024-04-09T22:08:14","modified_gmt":"2024-04-09T20:08:14","slug":"page-d-exemple","status":"publish","type":"page","link":"https:\/\/tempoindigo.ch\/","title":{"rendered":"Accueil"},"content":{"rendered":"\n<figure class=\"wp-block-image is-resized\"><img loading=\"lazy\" decoding=\"async\" width=\"1024\" height=\"407\" src=\"https:\/\/tempoindigo.ch\/wp-content\/uploads\/2020\/08\/b.-logo-sans-fond-1024x407.png\" alt=\"\" class=\"wp-image-165\" style=\"width:833px;height:auto\" srcset=\"https:\/\/tempoindigo.ch\/wp-content\/uploads\/2020\/08\/b.-logo-sans-fond-1024x407.png 1024w, https:\/\/tempoindigo.ch\/wp-content\/uploads\/2020\/08\/b.-logo-sans-fond-300x119.png 300w, https:\/\/tempoindigo.ch\/wp-content\/uploads\/2020\/08\/b.-logo-sans-fond-768x305.png 768w, https:\/\/tempoindigo.ch\/wp-content\/uploads\/2020\/08\/b.-logo-sans-fond-1200x477.png 1200w, https:\/\/tempoindigo.ch\/wp-content\/uploads\/2020\/08\/b.-logo-sans-fond-1980x786.png 1980w\" sizes=\"auto, (max-width: 1024px) 100vw, 1024px\" \/><\/figure>\n\n\n\n<p class=\"has-text-align-center logo-color\">&#8220;La vie est un mouvement, <\/p>\n\n\n\n<p class=\"has-text-align-center logo-color\">Plus il y a vie, plus il y a flexibilit\u00e9<\/p>\n\n\n\n<p class=\"has-text-align-center logo-color\">Plus vous \u00eates fluide, plus vous \u00eates vivant&#8221;<\/p>\n\n\n\n<p class=\"has-text-align-right logo-color\"> Arnaud Desjardins <\/p>\n\n\n<div class=\"wp-block-image\">\n<figure class=\"aligncenter\"><img loading=\"lazy\" decoding=\"async\" width=\"1024\" height=\"542\" src=\"https:\/\/tempoindigo.ch\/wp-content\/uploads\/2020\/07\/collage-accueil-1024x542.jpg\" alt=\"\" class=\"wp-image-23\" srcset=\"https:\/\/tempoindigo.ch\/wp-content\/uploads\/2020\/07\/collage-accueil-1024x542.jpg 1024w, https:\/\/tempoindigo.ch\/wp-content\/uploads\/2020\/07\/collage-accueil-300x159.jpg 300w, https:\/\/tempoindigo.ch\/wp-content\/uploads\/2020\/07\/collage-accueil-768x407.jpg 768w, https:\/\/tempoindigo.ch\/wp-content\/uploads\/2020\/07\/collage-accueil-1200x635.jpg 1200w, https:\/\/tempoindigo.ch\/wp-content\/uploads\/2020\/07\/collage-accueil-1980x1048.jpg 1980w\" sizes=\"auto, (max-width: 1024px) 100vw, 1024px\" \/><\/figure>\n<\/div>\n\n\n<div class=\"centered-text helvetica\">\n<p><a class=\"logo-color\" href=\"https:\/\/tempoindigo.ch\">www.tempoindigo.ch<\/a>\n<\/p>\n<p><a class=\"logo-color\" href=\"mailto:tempoindigo@gmail.com\">\ntempoindigo@gmail.com\n<\/a><\/p>\n<p class=\"logo-color\">Catherine Montanari<\/p>\n<\/div>\n","protected":false},"excerpt":{"rendered":"<p>&#8220;La vie est un mouvement, Plus il y a vie, plus il y a flexibilit\u00e9 Plus vous \u00eates fluide, plus vous \u00eates vivant&#8221; Arnaud Desjardins www.tempoindigo.ch tempoindigo@gmail.com Catherine Montanari<\/p>\n","protected":false},"author":2,"featured_media":0,"parent":0,"menu_order":0,"comment_status":"closed","ping_status":"open","template":"","meta":{"footnotes":""},"class_list":["post-2","page","type-page","status-publish","hentry"],"_links":{"self":[{"href":"https:\/\/tempoindigo.ch\/index.php?rest_route=\/wp\/v2\/pages\/2","targetHints":{"allow":["GET"]}}],"collection":[{"href":"https:\/\/tempoindigo.ch\/index.php?rest_route=\/wp\/v2\/pages"}],"about":[{"href":"https:\/\/tempoindigo.ch\/index.php?rest_route=\/wp\/v2\/types\/page"}],"author":[{"embeddable":true,"href":"https:\/\/tempoindigo.ch\/index.php?rest_route=\/wp\/v2\/users\/2"}],"replies":[{"embeddable":true,"href":"https:\/\/tempoindigo.ch\/index.php?rest_route=%2Fwp%2Fv2%2Fcomments&post=2"}],"version-history":[{"count":42,"href":"https:\/\/tempoindigo.ch\/index.php?rest_route=\/wp\/v2\/pages\/2\/revisions"}],"predecessor-version":[{"id":353,"href":"https:\/\/tempoindigo.ch\/index.php?rest_route=\/wp\/v2\/pages\/2\/revisions\/353"}],"wp:attachment":[{"href":"https:\/\/tempoindigo.ch\/index.php?rest_route=%2Fwp%2Fv2%2Fmedia&parent=2"}],"curies":[{"name":"wp","href":"https:\/\/api.w.org\/{rel}","templated":true}]}}