{"id":154,"date":"2020-08-03T11:42:04","date_gmt":"2020-08-03T09:42:04","guid":{"rendered":"http:\/\/tempoindigo.ch\/?page_id=154"},"modified":"2020-08-20T10:22:52","modified_gmt":"2020-08-20T08:22:52","slug":"bon-cadeau","status":"publish","type":"page","link":"https:\/\/tempoindigo.ch\/?page_id=154","title":{"rendered":"Bon cadeau"},"content":{"rendered":"\n<figure class=\"wp-block-image is-resized\"><img loading=\"lazy\" decoding=\"async\" width=\"1024\" height=\"407\" src=\"https:\/\/tempoindigo.ch\/wp-content\/uploads\/2020\/08\/b.-logo-sans-fond-1024x407.png\" alt=\"\" class=\"wp-image-165\" style=\"width:833px;height:auto\" srcset=\"https:\/\/tempoindigo.ch\/wp-content\/uploads\/2020\/08\/b.-logo-sans-fond-1024x407.png 1024w, https:\/\/tempoindigo.ch\/wp-content\/uploads\/2020\/08\/b.-logo-sans-fond-300x119.png 300w, https:\/\/tempoindigo.ch\/wp-content\/uploads\/2020\/08\/b.-logo-sans-fond-768x305.png 768w, https:\/\/tempoindigo.ch\/wp-content\/uploads\/2020\/08\/b.-logo-sans-fond-1200x477.png 1200w, https:\/\/tempoindigo.ch\/wp-content\/uploads\/2020\/08\/b.-logo-sans-fond-1980x786.png 1980w\" sizes=\"auto, (max-width: 1024px) 100vw, 1024px\" \/><\/figure>\n\n\n\n<p class=\"logo-color helvetica-16 justified-text\"><strong>Bon\ncadeau<\/strong><\/p>\n\n\n\n<p class=\"logo-color helvetica-16 justified-text\">\n\nVous voudriez&#8230;\n\n<\/p>\n\n\n\n<ul class=\"logo-color helvetica-16 justified-text wp-block-list\"><li>honorer un anniversaire, une f\u00eate&#8230;<\/li><li>remercier une personne d&#8217;avoir \u00e9t\u00e9\/\u00eatre pr\u00e9sente<\/li><li>partager un moment complice et in\u00e9dit avec une amie, une m\u00e8re, une coll\u00e8gue&#8230;<\/li><li>faire d\u00e9couvrir \u00e0 quelqu&#8217;un la magie de se mouvoir librement, sans codes ni attente<\/li><li>ou simplement offrir un pr\u00e9sent original (et pas trop on\u00e9reux : \u00e0 partir de 40 francs)<\/li><\/ul>\n\n\n\n<p class=\"logo-color helvetica-16 justified-text\">\nContactez-moi et je me ferai une joie de vous confectionner un bon cadeau personnalis\u00e9 !\n\n<\/p>\n\n\n\n<p><\/p>\n","protected":false},"excerpt":{"rendered":"<p>Bon cadeau Vous voudriez&#8230; honorer un anniversaire, une f\u00eate&#8230; remercier une personne d&#8217;avoir \u00e9t\u00e9\/\u00eatre pr\u00e9sente partager un moment complice et in\u00e9dit avec une amie, une m\u00e8re, une coll\u00e8gue&#8230; faire d\u00e9couvrir \u00e0 quelqu&#8217;un la magie de se mouvoir librement, sans codes ni attente ou simplement offrir un pr\u00e9sent original (et pas trop on\u00e9reux : \u00e0 partir [&hellip;]<\/p>\n","protected":false},"author":2,"featured_media":0,"parent":0,"menu_order":0,"comment_status":"closed","ping_status":"closed","template":"","meta":{"footnotes":""},"class_list":["post-154","page","type-page","status-publish","hentry"],"_links":{"self":[{"href":"https:\/\/tempoindigo.ch\/index.php?rest_route=\/wp\/v2\/pages\/154","targetHints":{"allow":["GET"]}}],"collection":[{"href":"https:\/\/tempoindigo.ch\/index.php?rest_route=\/wp\/v2\/pages"}],"about":[{"href":"https:\/\/tempoindigo.ch\/index.php?rest_route=\/wp\/v2\/types\/page"}],"author":[{"embeddable":true,"href":"https:\/\/tempoindigo.ch\/index.php?rest_route=\/wp\/v2\/users\/2"}],"replies":[{"embeddable":true,"href":"https:\/\/tempoindigo.ch\/index.php?rest_route=%2Fwp%2Fv2%2Fcomments&post=154"}],"version-history":[{"count":5,"href":"https:\/\/tempoindigo.ch\/index.php?rest_route=\/wp\/v2\/pages\/154\/revisions"}],"predecessor-version":[{"id":236,"href":"https:\/\/tempoindigo.ch\/index.php?rest_route=\/wp\/v2\/pages\/154\/revisions\/236"}],"wp:attachment":[{"href":"https:\/\/tempoindigo.ch\/index.php?rest_route=%2Fwp%2Fv2%2Fmedia&parent=154"}],"curies":[{"name":"wp","href":"https:\/\/api.w.org\/{rel}","templated":true}]}}