{"id":150,"date":"2020-08-03T11:35:48","date_gmt":"2020-08-03T09:35:48","guid":{"rendered":"http:\/\/tempoindigo.ch\/?page_id=150"},"modified":"2024-02-24T10:42:38","modified_gmt":"2024-02-24T09:42:38","slug":"pour-femmes","status":"publish","type":"page","link":"https:\/\/tempoindigo.ch\/?page_id=150","title":{"rendered":"Entre femmes"},"content":{"rendered":"\n<figure class=\"wp-block-image is-resized\"><img loading=\"lazy\" decoding=\"async\" width=\"1024\" height=\"407\" src=\"https:\/\/tempoindigo.ch\/wp-content\/uploads\/2020\/08\/b.-logo-sans-fond-1024x407.png\" alt=\"\" class=\"wp-image-165\" style=\"width:833px;height:auto\" srcset=\"https:\/\/tempoindigo.ch\/wp-content\/uploads\/2020\/08\/b.-logo-sans-fond-1024x407.png 1024w, https:\/\/tempoindigo.ch\/wp-content\/uploads\/2020\/08\/b.-logo-sans-fond-300x119.png 300w, https:\/\/tempoindigo.ch\/wp-content\/uploads\/2020\/08\/b.-logo-sans-fond-768x305.png 768w, https:\/\/tempoindigo.ch\/wp-content\/uploads\/2020\/08\/b.-logo-sans-fond-1200x477.png 1200w, https:\/\/tempoindigo.ch\/wp-content\/uploads\/2020\/08\/b.-logo-sans-fond-1980x786.png 1980w\" sizes=\"auto, (max-width: 1024px) 100vw, 1024px\" \/><\/figure>\n\n\n\n<p class=\"logo-color helvetica-16 justified-text\"><strong>Les ateliers entre femmes<\/strong>&nbsp;<\/p>\n\n\n\n<p class=\"logo-color helvetica-16 justified-text\">Vous\naimez \u00eatre entour\u00e9e d\u2019autres femmes, \u00eatre port\u00e9e par l\u2019\u00e9nergie\ndu groupe, lui apporter votre couleur&nbsp;? Ces ateliers vous\npermettront de vous exprimer librement par le corps, dans un cadre\nbienveillant et soutenant.<\/p>\n\n\n\n<p class=\"logo-color helvetica-16 justified-text\">Chaque atelier est ind\u00e9pendant des autres. Il est possible de s\u2019inscrire \u00e0 un seul ou \u00e0 plusieurs ateliers.  <\/p>\n\n\n\n<p class=\"logo-color helvetica-16 justified-text\">Une\ns\u00e9ance commence par un temps de partage qui nous permet d\u2019exprimer\ncomment nous nous sentons, si nous avons une intention ou des besoins\nparticuliers. Nous continuons par un r\u00e9veil du corps gr\u00e2ce \u00e0 des\ntechniques d\u2019automassage et des mouvements venus de diff\u00e9rentes\ntraditions (Taiji, Shinto, Qi Gong, yoga). Puis, je vous guide, gr\u00e2ce\n\u00e0 des symbolisations et des visualisations, dans votre propre voyage\ndans\u00e9.\nJe vous aide \u00e0 d\u00e9couvrir votre mouvement naturel, \u00e0 sentir\nl\u2019\u00e9nergie qui est en vous et tout autour de vous. Durant l\u2019atelier\nvous serez invit\u00e9es \u00e0 accueillir vos \u00e9motions et vos sensations,\nsans jugement. Chacune dansera ce\nqui est dans l\u2019instant,\n\u00e0 son rythme. Nous terminerons par un\ntemps d\u2019int\u00e9gration du v\u00e9cu corporel et par un temps de partage\npour exprimer, si nous le souhaitons, ce qui a \u00e9t\u00e9 exp\u00e9riment\u00e9.<\/p>\n\n\n\n<p class=\"logo-color helvetica-16 justified-text\"><strong><font style=\"vertical-align: inherit;\"><font style=\"vertical-align: inherit;\">DATES &nbsp;:<\/font><\/font><\/strong><font style=\"vertical-align: inherit;\"><font style=\"vertical-align: inherit;\"> Ecrivez-moi un e-mail et je me ferai un plaisir de vous envoyer ma newsletter <\/font><\/font>avec toutes les informations<\/p>\n\n\n\n<p class=\"has-primary-color has-text-color\"><\/p>\n\n\n\n<p><\/p>\n\n\n\n<p class=\"logo-color helvetica-16 justified-text\"><strong>LIEU :<\/strong> La Maison du Yoga \u00e0 Fully<\/p>\n\n\n\n<p class=\"logo-color helvetica-16 justified-text\"><strong>INSCRIPTION :<\/strong>  par e-mail ou par sms<\/p>\n\n\n\n<p class=\"logo-color helvetica-16 justified-text\"><strong>DUR\u00c9E DE L&#8217;ATELIER :<\/strong> ~2h<\/p>\n\n\n\n<p class=\"logo-color helvetica-16 justified-text\"><strong>TARIF :<\/strong> 40 CHF par atelier<\/p>\n\n\n\n<p>En cas d&#8217;annulation moins de 24 heures avant l&#8217;atelier, une participation de CHF 20.- est demand\u00e9e.<\/p>\n\n\n<div class=\"wp-block-image\">\n<figure class=\"aligncenter is-resized\"><img loading=\"lazy\" decoding=\"async\" width=\"750\" height=\"1024\" src=\"https:\/\/tempoindigo.ch\/wp-content\/uploads\/2020\/08\/p38-retouch\u00e9e-750x1024.jpg\" alt=\"\" class=\"wp-image-190\" style=\"width:250px;height:512px\" srcset=\"https:\/\/tempoindigo.ch\/wp-content\/uploads\/2020\/08\/p38-retouch\u00e9e-750x1024.jpg 750w, https:\/\/tempoindigo.ch\/wp-content\/uploads\/2020\/08\/p38-retouch\u00e9e-220x300.jpg 220w, https:\/\/tempoindigo.ch\/wp-content\/uploads\/2020\/08\/p38-retouch\u00e9e-768x1049.jpg 768w, https:\/\/tempoindigo.ch\/wp-content\/uploads\/2020\/08\/p38-retouch\u00e9e-1200x1639.jpg 1200w, https:\/\/tempoindigo.ch\/wp-content\/uploads\/2020\/08\/p38-retouch\u00e9e-1980x2705.jpg 1980w\" sizes=\"auto, (max-width: 750px) 100vw, 750px\" \/><\/figure>\n<\/div>","protected":false},"excerpt":{"rendered":"<p>Les ateliers entre femmes&nbsp; Vous aimez \u00eatre entour\u00e9e d\u2019autres femmes, \u00eatre port\u00e9e par l\u2019\u00e9nergie du groupe, lui apporter votre couleur&nbsp;? Ces ateliers vous permettront de vous exprimer librement par le corps, dans un cadre bienveillant et soutenant. Chaque atelier est ind\u00e9pendant des autres. Il est possible de s\u2019inscrire \u00e0 un seul ou \u00e0 plusieurs ateliers. [&hellip;]<\/p>\n","protected":false},"author":2,"featured_media":0,"parent":0,"menu_order":0,"comment_status":"closed","ping_status":"closed","template":"","meta":{"footnotes":""},"class_list":["post-150","page","type-page","status-publish","hentry"],"_links":{"self":[{"href":"https:\/\/tempoindigo.ch\/index.php?rest_route=\/wp\/v2\/pages\/150","targetHints":{"allow":["GET"]}}],"collection":[{"href":"https:\/\/tempoindigo.ch\/index.php?rest_route=\/wp\/v2\/pages"}],"about":[{"href":"https:\/\/tempoindigo.ch\/index.php?rest_route=\/wp\/v2\/types\/page"}],"author":[{"embeddable":true,"href":"https:\/\/tempoindigo.ch\/index.php?rest_route=\/wp\/v2\/users\/2"}],"replies":[{"embeddable":true,"href":"https:\/\/tempoindigo.ch\/index.php?rest_route=%2Fwp%2Fv2%2Fcomments&post=150"}],"version-history":[{"count":23,"href":"https:\/\/tempoindigo.ch\/index.php?rest_route=\/wp\/v2\/pages\/150\/revisions"}],"predecessor-version":[{"id":347,"href":"https:\/\/tempoindigo.ch\/index.php?rest_route=\/wp\/v2\/pages\/150\/revisions\/347"}],"wp:attachment":[{"href":"https:\/\/tempoindigo.ch\/index.php?rest_route=%2Fwp%2Fv2%2Fmedia&parent=150"}],"curies":[{"name":"wp","href":"https:\/\/api.w.org\/{rel}","templated":true}]}}