{"id":144,"date":"2020-08-03T11:33:13","date_gmt":"2020-08-03T09:33:13","guid":{"rendered":"http:\/\/tempoindigo.ch\/?page_id=144"},"modified":"2024-02-24T10:41:28","modified_gmt":"2024-02-24T09:41:28","slug":"en-individuel","status":"publish","type":"page","link":"https:\/\/tempoindigo.ch\/?page_id=144","title":{"rendered":"En individuel"},"content":{"rendered":"\n<figure class=\"wp-block-image is-resized\"><img loading=\"lazy\" decoding=\"async\" width=\"1024\" height=\"407\" src=\"https:\/\/tempoindigo.ch\/wp-content\/uploads\/2020\/08\/b.-logo-sans-fond-1024x407.png\" alt=\"\" class=\"wp-image-165\" style=\"width:833px;height:auto\" srcset=\"https:\/\/tempoindigo.ch\/wp-content\/uploads\/2020\/08\/b.-logo-sans-fond-1024x407.png 1024w, https:\/\/tempoindigo.ch\/wp-content\/uploads\/2020\/08\/b.-logo-sans-fond-300x119.png 300w, https:\/\/tempoindigo.ch\/wp-content\/uploads\/2020\/08\/b.-logo-sans-fond-768x305.png 768w, https:\/\/tempoindigo.ch\/wp-content\/uploads\/2020\/08\/b.-logo-sans-fond-1200x477.png 1200w, https:\/\/tempoindigo.ch\/wp-content\/uploads\/2020\/08\/b.-logo-sans-fond-1980x786.png 1980w\" sizes=\"auto, (max-width: 1024px) 100vw, 1024px\" \/><\/figure>\n\n\n\n<p class=\"logo-color helvetica-16 justified-text\"><strong>Les\nateliers en individuel, pour adultes<\/strong>&nbsp;<\/p>\n\n\n\n<p class=\"logo-color helvetica-16 justified-text\">Vous\nvoulez vous retrouver, laisser votre corps vous exprimer, ressentir\nl\u2019harmonie de votre \u00eatre&nbsp;? Je peux vous accompagner dans la\nqui\u00e9tude d\u2019une relation \u00e9quilibr\u00e9e et respectueuse.<\/p>\n\n\n\n<p class=\"logo-color helvetica-16 justified-text\">La\npremi\u00e8re rencontre nous permet de faire connaissance, d\u2019identifier\nvos besoins et de discuter des th\u00e8mes que vous souhaitez travailler.<\/p>\n\n\n\n<p class=\"logo-color helvetica-16 justified-text\">Lors\ndes s\u00e9ances suivantes, je vous accompagnerai, par symbolisations et\nvisualisations, dans votre danse libre en fonction de vos demandes.\nNous terminerons chaque s\u00e9ance par un temps d\u2019int\u00e9gration du v\u00e9cu\ncorporel puis par un temps de partage durant lequel vous pourrez\nexprimer vos d\u00e9couvertes, prises de consciences, sensations\nressenties, etc\u2026 Nous pourrons ainsi orienter, ensemble, les\nprochaines rencontres. \n<\/p>\n\n\n\n<p class=\"logo-color helvetica-16 justified-text\"><strong>DUREE DE L&#8217;ATELIER :<\/strong> 1h<\/p>\n\n\n\n<p class=\"logo-color helvetica-16 justified-text\"><strong>DATE ET HORAIRE :<\/strong> \u00e0 convenir ensemble<\/p>\n\n\n\n<p class=\"logo-color helvetica-16 justified-text\"><strong>LIEU :<\/strong> Maison du Yoga \u00e0 Fully ou \u00e0 d\u00e9finir<\/p>\n\n\n\n<p class=\"logo-color helvetica-16 justified-text\"><strong>TARIF : <\/strong>80 CHF par s\u00e9ance<\/p>\n\n\n\n<p>En cas d&#8217;annulation moins de 48h avant la s\u00e9ance, le montant total sera demand\u00e9.<\/p>\n\n\n<div class=\"wp-block-image\">\n<figure class=\"aligncenter\"><img loading=\"lazy\" decoding=\"async\" width=\"300\" height=\"200\" src=\"https:\/\/tempoindigo.ch\/wp-content\/uploads\/2020\/08\/photo-atelier-individuel-300x200.jpg\" alt=\"\" class=\"wp-image-148\" srcset=\"https:\/\/tempoindigo.ch\/wp-content\/uploads\/2020\/08\/photo-atelier-individuel-300x200.jpg 300w, https:\/\/tempoindigo.ch\/wp-content\/uploads\/2020\/08\/photo-atelier-individuel-768x512.jpg 768w, https:\/\/tempoindigo.ch\/wp-content\/uploads\/2020\/08\/photo-atelier-individuel-1024x683.jpg 1024w, https:\/\/tempoindigo.ch\/wp-content\/uploads\/2020\/08\/photo-atelier-individuel-1200x800.jpg 1200w, https:\/\/tempoindigo.ch\/wp-content\/uploads\/2020\/08\/photo-atelier-individuel-1980x1320.jpg 1980w\" sizes=\"auto, (max-width: 300px) 100vw, 300px\" \/><\/figure>\n<\/div>","protected":false},"excerpt":{"rendered":"<p>Les ateliers en individuel, pour adultes&nbsp; Vous voulez vous retrouver, laisser votre corps vous exprimer, ressentir l\u2019harmonie de votre \u00eatre&nbsp;? Je peux vous accompagner dans la qui\u00e9tude d\u2019une relation \u00e9quilibr\u00e9e et respectueuse. La premi\u00e8re rencontre nous permet de faire connaissance, d\u2019identifier vos besoins et de discuter des th\u00e8mes que vous souhaitez travailler. Lors des s\u00e9ances [&hellip;]<\/p>\n","protected":false},"author":2,"featured_media":0,"parent":0,"menu_order":0,"comment_status":"closed","ping_status":"closed","template":"","meta":{"footnotes":""},"class_list":["post-144","page","type-page","status-publish","hentry"],"_links":{"self":[{"href":"https:\/\/tempoindigo.ch\/index.php?rest_route=\/wp\/v2\/pages\/144","targetHints":{"allow":["GET"]}}],"collection":[{"href":"https:\/\/tempoindigo.ch\/index.php?rest_route=\/wp\/v2\/pages"}],"about":[{"href":"https:\/\/tempoindigo.ch\/index.php?rest_route=\/wp\/v2\/types\/page"}],"author":[{"embeddable":true,"href":"https:\/\/tempoindigo.ch\/index.php?rest_route=\/wp\/v2\/users\/2"}],"replies":[{"embeddable":true,"href":"https:\/\/tempoindigo.ch\/index.php?rest_route=%2Fwp%2Fv2%2Fcomments&post=144"}],"version-history":[{"count":11,"href":"https:\/\/tempoindigo.ch\/index.php?rest_route=\/wp\/v2\/pages\/144\/revisions"}],"predecessor-version":[{"id":346,"href":"https:\/\/tempoindigo.ch\/index.php?rest_route=\/wp\/v2\/pages\/144\/revisions\/346"}],"wp:attachment":[{"href":"https:\/\/tempoindigo.ch\/index.php?rest_route=%2Fwp%2Fv2%2Fmedia&parent=144"}],"curies":[{"name":"wp","href":"https:\/\/api.w.org\/{rel}","templated":true}]}}